{"id":2,"date":"2024-06-21T20:35:32","date_gmt":"2024-06-21T18:35:32","guid":{"rendered":"https:\/\/www.joanan33.com\/wordpress\/?page_id=2"},"modified":"2024-06-21T20:35:32","modified_gmt":"2024-06-21T18:35:32","slug":"pagina-exemple","status":"publish","type":"page","link":"https:\/\/www.joanan33.com\/es\/pagina-exemple\/","title":{"rendered":"P\u00e1gina de ejemplo"},"content":{"rendered":"<p>\u00c9ste es una p\u00e1gina de ejemplo. Es diferente de una entrada del blog porque se mantendr\u00e1 en un sitio y aparecer\u00e1 en la navegaci\u00f3n del sitio (en la mayor\u00eda de temas). Mucha gente comienza con la p\u00e1gina \u00abAcerca de\u00bb, que los presenta a los potenciales visitantes del sitio web. Podr\u00eda decir algo as\u00ed:<\/p>\n\n\n\n<blockquote class=\"wp-block-quote is-layout-flow wp-block-quote-is-layout-flow\"><p>\u00a1Hola! Soy un mensajero en bicicleta de d\u00eda, aspirante a actor de noche y \u00e9sta es mi web. Vivo en Los \u00c1ngeles, tengo un gran perro de nombre Pep y me gusta la pi\u00f1a colada. (Y me pillar\u00e1 la lluvia.)<\/p><\/blockquote>\n\n\n\n<p>\u2026 o algo as\u00ed:<\/p>\n\n\n\n<blockquote class=\"wp-block-quote is-layout-flow wp-block-quote-is-layout-flow\"><p>La compa\u00f1\u00eda Aparells XYZ se cre\u00f3 en 1971, y ha estado proporcionando aparatos de calidad al p\u00fablico desde entonces. Ubicada en Gotham City, XYZ da trabajo a m\u00e1s de 2.000 personas y realiza todo tipo de acciones maravillosas para la comunidad de Gotham.<\/p><\/blockquote>\n\n\n\n<p>Como usuario nuevo de WordPress, deber\u00eda ir al <a href=\"https:\/\/www.joanan33.com\/wordpress\/wp-admin\/\">tablero<\/a> para eliminar esta p\u00e1gina y crear nuevas p\u00e1ginas de contenido. Divi\u00e9rtase!<\/p>","protected":false},"excerpt":{"rendered":"<p>Aquest \u00e9s una p\u00e0gina d&#8217;exemple. \u00c9s diferent d&#8217;una entrada del blog perqu\u00e8 es mantindr\u00e0 en un lloc i apareixer\u00e0 a la navegaci\u00f3 del lloc (a la majoria de temes). Molta gent comen\u00e7a amb la p\u00e0gina \u00abQuant a\u00bb, que els presenta als potencials visitants del lloc web. Podria dir alguna cosa aix\u00ed: Hola! S\u00f3c un missatger&hellip;<\/p>","protected":false},"author":1,"featured_media":0,"parent":0,"menu_order":0,"comment_status":"closed","ping_status":"open","template":"","meta":{"footnotes":""},"class_list":["post-2","page","type-page","status-publish","hentry","description-off"],"_links":{"self":[{"href":"https:\/\/www.joanan33.com\/es\/wp-json\/wp\/v2\/pages\/2","targetHints":{"allow":["GET"]}}],"collection":[{"href":"https:\/\/www.joanan33.com\/es\/wp-json\/wp\/v2\/pages"}],"about":[{"href":"https:\/\/www.joanan33.com\/es\/wp-json\/wp\/v2\/types\/page"}],"author":[{"embeddable":true,"href":"https:\/\/www.joanan33.com\/es\/wp-json\/wp\/v2\/users\/1"}],"replies":[{"embeddable":true,"href":"https:\/\/www.joanan33.com\/es\/wp-json\/wp\/v2\/comments?post=2"}],"version-history":[{"count":0,"href":"https:\/\/www.joanan33.com\/es\/wp-json\/wp\/v2\/pages\/2\/revisions"}],"wp:attachment":[{"href":"https:\/\/www.joanan33.com\/es\/wp-json\/wp\/v2\/media?parent=2"}],"curies":[{"name":"wp","href":"https:\/\/api.w.org\/{rel}","templated":true}]}}